{"id":855,"date":"2018-05-28T11:28:57","date_gmt":"2018-05-28T11:28:57","guid":{"rendered":"http:\/\/instamat.com\/?page_id=855"},"modified":"2018-05-30T10:13:18","modified_gmt":"2018-05-30T10:13:18","slug":"politica-de-privacitat","status":"publish","type":"page","link":"https:\/\/instamat.com\/ca\/politica-de-privacitat\/","title":{"rendered":"Pol\u00edtica de Privacitat"},"content":{"rendered":"<h1>Pol\u00edtica de Privacitat<\/h1>\n<p><strong>Protecci\u00f3 de dades de car\u00e0cter personal segons la LOPD<\/strong><\/p>\n<p>INSTAMAT INTERIOR, SL, en aplicaci\u00f3 de la normativa vigent en mat\u00e8ria de protecci\u00f3 de dades de car\u00e0cter personal, l\u00b4informa que les dades personals que es recullen a trav\u00e9s dels formularis del Lloc web: <a href=\"http:\/\/www.instamat.com\">www.instamat.com<\/a>, s&#8217;inclouen en els fitxers automatitzats espec\u00edfics d&#8217;usuaris dels serveis de INSTAMAT INTERIOR, SL<\/p>\n<p>La recollida i tractament automatitzat de les dades de car\u00e0cter personal t\u00e9 com a finalitat el manteniment de la relaci\u00f3 comercial i l&#8217;acompliment de tasques d&#8217;informaci\u00f3, formaci\u00f3, assessorament i altres activitats pr\u00f2pies de INSTAMAT INTERIOR, S.L.<\/p>\n<p>Aquestes dades \u00fanicament seran cedides a aquelles entitats que siguin necess\u00e0ries amb l&#8217;\u00fanic objectiu de donar compliment a la finalitat anteriorment exposada.<\/p>\n<p>INSTAMAT INTERIOR, S.L. adopta les mesures necess\u00e0ries per garantir la seguretat, integritat i confidencialitat de les dades d&#8217;acord amb el que disposa el Reglament (UE) 2016\/679 del Parlament Europeu i del Consell, de 27 d&#8217;abril de 2016, relatiu a la protecci\u00f3 de les persones f\u00edsiques pel que fa al tractament de dades personals i a la lliure circulaci\u00f3 dels mateixos.<\/p>\n<p>L&#8217;usuari podr\u00e0 en qualsevol moment, exercitar els drets d&#8217;acc\u00e9s, oposici\u00f3, rectificaci\u00f3 i cancel\u00b7laci\u00f3 reconeguts en el citat Reglament (UE). L&#8217;exercici d&#8217;aquests drets, els pot realitzar l\u00b4usuari mateix, a trav\u00e9s d&#8217;email a: <a href=\"mailto:instamat@instamat.com\">instamat@instamat.com<\/a>, o a l&#8217;adre\u00e7a: Pol\u00edgon Silvota, parcel \u00b7 la 66, C.P. 33192 &#8211; Llanera (Ast\u00faries).<\/p>\n<p>L&#8217;usuari manifesta que totes les dades facilitades per ell s\u00f3n certes i correctes, i es compromet a mantenir-les actualitzades, comunicant els canvis a INSTAMAT INTERIOR, S.L.<\/p>\n<p><strong>Finalitat del tractament de les dades personals:<\/strong><\/p>\n<p><strong>Amb quina finalitat tractarem les teves dades personals?<\/strong><\/p>\n<p>A INSTAMAT INTERIOR, S.L., tractarem les teves dades personals demanades a trav\u00e9s del lloc web: <a href=\"http:\/\/www.instamat.com\">www.instamat.com<\/a>, amb les seg\u00fcents finalitats:<\/p>\n<p>En cas de contractaci\u00f3 dels b\u00e9ns i serveis oferts a trav\u00e9s d&#8217;www.instamat.com, per mantenir la relaci\u00f3 contractual, aix\u00ed com la gesti\u00f3, administraci\u00f3, informaci\u00f3, prestaci\u00f3 i millora del servei.<\/p>\n<p>Enviament d&#8217;informaci\u00f3 sol\u00b7licitada a trav\u00e9s dels formularis disposats a <a href=\"http:\/\/www.instamat.com\">www.instamat.com<\/a>.<\/p>\n<p>Remetre butlletins (newsletters), aix\u00ed com comunicacions comercials de promocions i \/ o publicitat de <a href=\"http:\/\/www.instamat.com\">www.instamat.com<\/a> i del sector.<\/p>\n<p>Et recordem que pots oposar-te a l&#8217;enviament de comunicacions comercials per qualsevol via i en qualsevol moment, remetent un correu electr\u00f2nic a l&#8217;adre\u00e7a indicada anteriorment.<\/p>\n<p>Els camps d&#8217;aquests registres s\u00f3n d&#8217;ompliment obligatori, sent impossible realitzar les finalitats expressades si no s&#8217;aporten aquestes dades.<\/p>\n<p><strong>Per quant de temps es conserven les dades personals recollides?<\/strong><\/p>\n<p>Les dades personals proporcionades es conservaran mentre es mantingui la relaci\u00f3 comercial o no demanis la seva supressi\u00f3 i durant el termini pel qual es puguin derivar responsabilitats legals pels serveis prestats.<\/p>\n<p><strong>legitimaci\u00f3:<\/strong><\/p>\n<p>El tractament de les teves dades es realitza amb les seg\u00fcents bases jur\u00eddiques que legitimen el mateix:<\/p>\n<ol>\n<li>La sol\u00b7licitud d&#8217;informaci\u00f3 i \/ o la contractaci\u00f3 dels serveis de INSTAMAT INTERIOR, S.L., els termes i condicions es posaran a la teva disposici\u00f3 en tot cas, de forma pr\u00e8via a una eventual contractaci\u00f3.<\/li>\n<li>El consentiment lliure, espec\u00edfic, informat i inequ\u00edvoc, en tant que et vam informar posant a la teva disposici\u00f3 la present pol\u00edtica de privacitat, que despr\u00e9s de la lectura de la mateixa, en cas d&#8217;estar conforme, pots acceptar mitjan\u00e7ant una declaraci\u00f3 o una clara acci\u00f3 afirmativa, com el marcat d&#8217;una casella disposada a aquest efecte.<\/li>\n<\/ol>\n<p>En cas que no ens facilitis les teves dades o ho facis de forma err\u00f2nia o incompleta, no podrem atendre la teva sol\u00b7licitud, resultant del tot impossible proporcionar la informaci\u00f3 sol\u00b7licitada o dur a terme la contractaci\u00f3 dels serveis.<\/p>\n<p><strong>destinataris:<\/strong><\/p>\n<p>Les dades no es comunicaran a cap tercer ali\u00e8 a INSTAMAT INTERIOR, S.L., llevat d\u00b4obligaci\u00f3 legal.<\/p>\n<p>Com encarregats de tractament, tenim contractats als seg\u00fcents prove\u00efdors de serveis, havent-se comprom\u00e8s al compliment de les disposicions normatives, d&#8217;aplicaci\u00f3 en mat\u00e8ria de protecci\u00f3 de dades, en el moment de la seva contractaci\u00f3:<\/p>\n<p>Les dades personals facilitades a trav\u00e9s dels formularis del Lloc Web, s\u00f3n tractats per a la prestaci\u00f3 dels serveis de INSTAMAT INTERIOR, S.L., aix\u00ed com per a l&#8217;enviament de comunicacions comercials o informatives mitjan\u00e7ant l&#8217;\u00fas de l&#8217;eina que aquesta companyia facilita.<br \/>\nINSTAMAT INTERIOR, S.L., amb domicili al pol\u00edgon Silvota, parcel \u00b7 la 66, C.P. 33192 &#8211; Llanera (Ast\u00faries), presta els serveis de projectes i instal\u00b7lacions de locals comercials.<\/p>\n<p><strong>Dades recopilades per usuaris dels serveis<\/strong><\/p>\n<p>En els casos en qu\u00e8 l&#8217;usuari inclogui fitxers amb dades de car\u00e0cter personal en els servidors d&#8217;allotjament compartit, INSTAMAT INTERIOR, S.L. no es far\u00e1 responsable de l&#8217;incompliment per part de l&#8217;usuari del RGPD.<\/p>\n<p><strong>Retenci\u00f3 de dades en conformitat a la LSSI<\/strong><\/p>\n<p>INSTAMAT INTERIOR, S.L. informa que, com a prestador de servei d&#8217;allotjament de dades i en virtut del que estableix la Llei 34\/2002 de 11 de juliol de Serveis de la Societat de la Informaci\u00f3 i de Comer\u00e7 Electr\u00f2nic (LSSI), ret\u00e9 per un per\u00edode m\u00e0xim de 12 mesos la informaci\u00f3 imprescindible per identificar l&#8217;origen de les dades allotjades i el moment en qu\u00e8 es va iniciar la prestaci\u00f3 del servei. La retenci\u00f3 d&#8217;aquestes dades no afecta el secret de les comunicacions i nom\u00e9s podran ser utilitzats en el marc d&#8217;una investigaci\u00f3 criminal o per a la salvaguarda de la seguretat p\u00fablica, posant-se a disposici\u00f3 dels jutges i \/ o tribunals o del Ministeri que aix\u00ed els requereixi .<\/p>\n<p>La comunicaci\u00f3 de dades a les Forces i Cossos de l&#8217;Estat es far\u00e0 en virtut al que disposa la normativa sobre protecci\u00f3 de dades personals.<\/p>\n<p><strong>Drets propietat intel\u00b7lectual <a href=\"http:\/\/www.instamat.com\">www.instamat.com<\/a><\/strong><\/p>\n<p>INSTAMAT INTERIOR, S.L. \u00e9s titular de tots els drets d&#8217;autor, propietat intel\u00b7lectual, industrial, &#8220;know how&#8221; i tots els altres drets guarden relaci\u00f3 amb els continguts del lloc web <a href=\"http:\/\/www.instamat.com\">www.instamat.com<\/a> i els serveis oferts en el mateix, aix\u00ed com dels programes necessaris per seva implementaci\u00f3 i la informaci\u00f3 relacionada.<\/p>\n<p>No es permet la reproducci\u00f3, publicaci\u00f3 i \/ o \u00fas no estrictament privat dels continguts, totals o parcials, del lloc web <a href=\"http:\/\/www.instamat.com\">www.instamat.com<\/a> sense el consentiment previ i per escrit.<\/p>\n<p><strong>Propietat intel\u00b7lectual del programari<\/strong><\/p>\n<p>L&#8217;usuari ha de respectar els programes de tercers posats a la seva disposici\u00f3 per INSTAMAT INTERIOR, S.L., tot i ser gratu\u00efts i \/ o de disposici\u00f3 p\u00fablica.<\/p>\n<p>INSTAMAT INTERIOR, S.L. disposa dels drets d&#8217;explotaci\u00f3 i propietat intel\u00b7lectual necessaris del programari.<\/p>\n<p>L&#8217;usuari no adquireix cap dret o llic\u00e8ncia pel servei contractat, sobre el programari necessari per a la prestaci\u00f3 del servei, ni tampoc sobre la informaci\u00f3 t\u00e8cnica de seguiment del servei, excepci\u00f3 feta dels drets i llic\u00e8ncies necessaris per al compliment dels serveis contractats i \u00fanicament durant la durada dels mateixos.<\/p>\n<p>Per a tota actuaci\u00f3 que excedeixi el compliment del contracte, l&#8217;usuari necessita autoritzaci\u00f3 per escrit per part de INSTAMAT INTERIOR, SL, i queda prohibit a l&#8217;usuari accedir, modificar, visualitzar la configuraci\u00f3, estructura i fitxers dels servidors propietat de INSTAMAT INTERIOR, SL, assumint la responsabilitat civil i penal derivada de qualsevol incid\u00e8ncia que es pogu\u00e9s produir en els servidors i sistemes de seguretat com a conseq\u00fc\u00e8ncia directa d&#8217;una actuaci\u00f3 negligent o maliciosa per part seva.<\/p>\n<p><strong>Propietat intel\u00b7lectual dels continguts allotjats<\/strong><\/p>\n<p>Es prohibeix l&#8217;\u00fas contrari a la legislaci\u00f3 sobre propietat intel\u00b7lectual dels serveis prestats per INSTAMAT INTERIOR, S.L. i, en particular de:<\/p>\n<p>La utilitzaci\u00f3 que resulti contr\u00e0ria a les lleis espanyoles o que infringeixi els drets de tercers.<br \/>\nLa publicaci\u00f3 o la transmissi\u00f3 de qualsevol contingut que, segons el parer de INSTAMAT INTERIOR, S.L., resulti violent, obsc\u00e8, abusiu, il\u00b7legal, racial, xen\u00f2fob o difamatori.<br \/>\nEls cracks, n\u00fameros de s\u00e8rie de programes o qualsevol altre contingut que vulneri drets de la propietat intel\u00b7lectual de tercers.<br \/>\nLa recollida i \/ o utilitzaci\u00f3 de dades personals d&#8217;altres usuaris sense el seu consentiment expr\u00e9s o contravenint el que disposa Reglament (UE) 2016\/679 del Parlament Europeu i del Consell, de 27 d&#8217;abril de 2016, relatiu a la protecci\u00f3 de les persones f\u00edsiques pel que fa al tractament de dades personals i a la lliure circulaci\u00f3 dels mateixos.<br \/>\nLa utilitzaci\u00f3 del servidor de correu del domini i de les adreces de correu electr\u00f2nic per a l&#8217;enviament de correu massiu no desitjat.<\/p>\n<p>L&#8217;usuari t\u00e9 tota la responsabilitat sobre el contingut de la seva web, la informaci\u00f3 transmesa i emmagatzemada, els enlla\u00e7os d&#8217;hipertext, les reivindicacions de tercers i les accions legals en refer\u00e8ncia a propietat intel\u00b7lectual, drets de tercers i protecci\u00f3 de menors.<\/p>\n<p>L&#8217;usuari \u00e9s responsable respecte a les lleis i reglaments en vigor i les regles que tenen a veure amb el funcionament del servei en l\u00ednia, comer\u00e7 electr\u00f2nic, drets d&#8217;autor, manteniment de l&#8217;ordre p\u00fablic, aix\u00ed com a principis universals d&#8217;\u00fas d&#8217;Internet.<\/p>\n<p>L&#8217;usuari indemnitzar\u00e0 INSTAMAT INTERIOR, S.L. per les despeses que gener\u00e9s la imputaci\u00f3 de \u00a0INSTAMAT INTERIOR, S.L. en alguna causa que fos responsabilitat a l&#8217;usuari, inclosos honoraris i despeses de defensa jur\u00eddica, fins i tot en el cas d&#8217;una decisi\u00f3 judicial no definitiva.<\/p>\n<p><strong>Protecci\u00f3 de la informaci\u00f3 allotjada<\/strong><\/p>\n<p>INSTAMAT INTERIOR, S.L. realitza c\u00f2pies de seguretat dels continguts allotjats en els seus servidors, per\u00f2 no es responsabilitza de la p\u00e8rdua o l&#8217;esborrat accidental de les dades per part dels usuaris. De la mateixa manera, no garanteix la reposici\u00f3 total de les dades esborrades pels usuaris, ja que les dades esmentades podrien haver estat suprimides i \/ o modificades durant el per\u00edode del temps transcorregut des de l&#8217;\u00faltima c\u00f2pia de seguretat.<\/p>\n<p>Els serveis oferts, excepte els serveis espec\u00edfics de backup, no inclouen la reposici\u00f3 dels continguts conservats en les c\u00f2pies de seguretat realitzades per INSTAMAT INTERIOR, S.L., quan aquesta p\u00e8rdua sigui imputable a l&#8217;usuari; en aquest cas, es determinar\u00e0 una tarifa d&#8217;acord amb la complexitat i volum de la recuperaci\u00f3, sempre pr\u00e8via acceptaci\u00f3 de l&#8217;usuari.<\/p>\n<p>La reposici\u00f3 de dades esborrats nom\u00e9s est\u00e0 inclosa en el preu del servei quan la p\u00e8rdua del contingut sigui deguda a causes atribu\u00efbles a INSTAMAT INTERIOR, S.L ..<\/p>\n<p><strong>comunicacions comercials<\/strong><\/p>\n<p>En aplicaci\u00f3 de la LSSI. INSTAMAT INTERIOR, S.L. no enviar\u00e0 comunicacions publicit\u00e0ries o promocionals per correu electr\u00f2nic o altre mitj\u00e0 de comunicaci\u00f3 electr\u00f2nica equivalent que pr\u00e8viament no haguessin estat sol\u00b7licitades o expressament autoritzades pels destinataris de les mateixes.<\/p>\n<p>En el cas d&#8217;usuaris amb els quals hi hagi una relaci\u00f3 contractual pr\u00e8via, INSTAMAT INTERIOR, S.L. si est\u00e0 autoritzat l&#8217;enviament de comunicacions comercials referents a productes o serveis de INSTAMAT INTERIOR, S.L. que siguin similars als que inicialment van ser objecte de contractaci\u00f3 amb el client.<\/p>\n<p>En tot cas, l&#8217;usuari, despr\u00e9s d&#8217;acreditar la seva identitat, podr\u00e0 sol\u00b7licitar que no se li faci arribar m\u00e9s informaci\u00f3 comercial a trav\u00e9s dels canals d&#8217;Atenci\u00f3 al Client.<\/p>\n","protected":false},"excerpt":{"rendered":"<p>Pol\u00edtica de Privacitat Protecci\u00f3 de dades de car\u00e0cter personal segons la LOPD INSTAMAT INTERIOR, SL, en aplicaci\u00f3 de la normativa vigent en mat\u00e8ria de protecci\u00f3 de dades de car\u00e0cter personal, l\u00b4informa que les dades personals que es recullen a trav\u00e9s dels formularis del Lloc web: www.instamat.com, s&#8217;inclouen en els fitxers automatitzats espec\u00edfics d&#8217;usuaris dels serveis [&hellip;]<\/p>\n","protected":false},"author":4,"featured_media":0,"parent":0,"menu_order":0,"comment_status":"closed","ping_status":"closed","template":"","meta":{"_vp_format_video_url":"","_vp_image_focal_point":[],"footnotes":""},"class_list":["post-855","page","type-page","status-publish","hentry"],"aioseo_notices":[],"_links":{"self":[{"href":"https:\/\/instamat.com\/ca\/wp-json\/wp\/v2\/pages\/855","targetHints":{"allow":["GET"]}}],"collection":[{"href":"https:\/\/instamat.com\/ca\/wp-json\/wp\/v2\/pages"}],"about":[{"href":"https:\/\/instamat.com\/ca\/wp-json\/wp\/v2\/types\/page"}],"author":[{"embeddable":true,"href":"https:\/\/instamat.com\/ca\/wp-json\/wp\/v2\/users\/4"}],"replies":[{"embeddable":true,"href":"https:\/\/instamat.com\/ca\/wp-json\/wp\/v2\/comments?post=855"}],"version-history":[{"count":1,"href":"https:\/\/instamat.com\/ca\/wp-json\/wp\/v2\/pages\/855\/revisions"}],"predecessor-version":[{"id":859,"href":"https:\/\/instamat.com\/ca\/wp-json\/wp\/v2\/pages\/855\/revisions\/859"}],"wp:attachment":[{"href":"https:\/\/instamat.com\/ca\/wp-json\/wp\/v2\/media?parent=855"}],"curies":[{"name":"wp","href":"https:\/\/api.w.org\/{rel}","templated":true}]}}