{"id":868,"date":"2018-05-28T11:44:33","date_gmt":"2018-05-28T11:44:33","guid":{"rendered":"http:\/\/instamat.com\/?page_id=868"},"modified":"2018-06-05T08:17:16","modified_gmt":"2018-06-05T08:17:16","slug":"avis-legal","status":"publish","type":"page","link":"https:\/\/instamat.com\/ca\/avis-legal\/","title":{"rendered":"Av\u00eds Legal"},"content":{"rendered":"<p class=\"western\">INSTAMAT INTERIOR, S.L., amb NIF \/ CIF B74159435, adre\u00e7a Pol\u00edgon Silvota, parcel \u2022 la 66, 33192 &#8211; Llanera (Ast\u00faries), no pot assumir cap responsabilitat derivada de l&#8217;\u00fas incorrecte, inapropiat o il\u2022l\u00edcit de la informaci\u00f3 apareguda en les p\u00e0gines d&#8217;Internet de www.instamat.com<\/p>\n<p class=\"western\">Amb els l\u00edmits establerts a la llei, www.instamat.com no assumeix cap responsabilitat derivada de la manca de veracitat, integritat, actualitzaci\u00f3 i precisi\u00f3 de les dades o informacions que contenen les seves p\u00e0gines d&#8217; Internet.<\/p>\n<p class=\"western\">Els continguts i informaci\u00f3 no vinculen a www.instamat.com ni constitueixen opinions, consells o assessorament legal de cap tipus ja que es tracta merament d&#8217;un servei ofert amb car\u00e0cter informatiu i divulgatiu.<\/p>\n<p class=\"western\">Les p\u00e0gines d&#8217;Internet de www.instamat.com poden contenir enlla\u00e7os (links) a altres p\u00e0gines de terceres parts que www.instamat.com no pot controlar. Per tant, www.instamat.com no pot assumir responsabilitats pel contingut que pugui apar\u00e8ixer en p\u00e0gines de tercers.<\/p>\n<p class=\"western\">Els textos, imatges, sons, animacions, programari i la resta de continguts inclosos en aquest website s\u00f3n propietat exclusiva de www.instamat.com o els seus llicenciants. Qualsevol acte de transmissi\u00f3, distribuci\u00f3, cessi\u00f3, reproducci\u00f3, emmagatzematge o comunicaci\u00f3 p\u00fablica total o parcial, ha de comptar amb el consentiment expr\u00e9s de www.instamat.com.<\/p>\n<p class=\"western\">Aix\u00ed mateix, per accedir a alguns dels serveis que www.instamat.com ofereix a trav\u00e9s del website haur\u00e0 de proporcionar algunes dades de car\u00e0cter personal. En compliment del que estableix la Llei Org\u00e0nica 15\/1999, de 13 de Desembre, de Protecci\u00f3 de Dades de Car\u00e0cter Personal li informem que, mitjan\u00e7ant la complementaci\u00f3 dels presents formularis, les seves dades personals quedaran incorporades i seran tractades als fitxers de INSTAMAT INTERIOR, S.L. per tal de poder-li prestar i oferir els nostres serveis aix\u00ed com per informar de les millores del lloc web. Aix\u00ed mateix, l&#8217;informem de la possibilitat d&#8217;exercir els drets d&#8217;acc\u00e9s, rectificaci\u00f3, cancel\u2022laci\u00f3 i oposici\u00f3 de les seves dades de car\u00e0cter personal, de forma gratu\u00efta mitjan\u00e7ant correu electr\u00f2nic a instamat@instamat.com o a la direcci\u00f3 Pol\u00edgon Silvota, parcel \u2022 la 66, 33192 &#8211; Llanera (Ast\u00faries).<\/p>\n","protected":false},"excerpt":{"rendered":"<p>INSTAMAT INTERIOR, S.L., amb NIF \/ CIF B74159435, adre\u00e7a Pol\u00edgon Silvota, parcel \u2022 la 66, 33192 &#8211; Llanera (Ast\u00faries), no pot assumir cap responsabilitat derivada de l&#8217;\u00fas incorrecte, inapropiat o il\u2022l\u00edcit de la informaci\u00f3 apareguda en les p\u00e0gines d&#8217;Internet de www.instamat.com Amb els l\u00edmits establerts a la llei, www.instamat.com no assumeix cap responsabilitat derivada de [&hellip;]<\/p>\n","protected":false},"author":4,"featured_media":0,"parent":0,"menu_order":0,"comment_status":"closed","ping_status":"closed","template":"","meta":{"_vp_format_video_url":"","_vp_image_focal_point":[],"footnotes":""},"class_list":["post-868","page","type-page","status-publish","hentry"],"aioseo_notices":[],"_links":{"self":[{"href":"https:\/\/instamat.com\/ca\/wp-json\/wp\/v2\/pages\/868","targetHints":{"allow":["GET"]}}],"collection":[{"href":"https:\/\/instamat.com\/ca\/wp-json\/wp\/v2\/pages"}],"about":[{"href":"https:\/\/instamat.com\/ca\/wp-json\/wp\/v2\/types\/page"}],"author":[{"embeddable":true,"href":"https:\/\/instamat.com\/ca\/wp-json\/wp\/v2\/users\/4"}],"replies":[{"embeddable":true,"href":"https:\/\/instamat.com\/ca\/wp-json\/wp\/v2\/comments?post=868"}],"version-history":[{"count":4,"href":"https:\/\/instamat.com\/ca\/wp-json\/wp\/v2\/pages\/868\/revisions"}],"predecessor-version":[{"id":1060,"href":"https:\/\/instamat.com\/ca\/wp-json\/wp\/v2\/pages\/868\/revisions\/1060"}],"wp:attachment":[{"href":"https:\/\/instamat.com\/ca\/wp-json\/wp\/v2\/media?parent=868"}],"curies":[{"name":"wp","href":"https:\/\/api.w.org\/{rel}","templated":true}]}}