{"id":2416,"date":"2022-02-22T16:10:53","date_gmt":"2022-02-22T16:10:53","guid":{"rendered":"https:\/\/instamat.com\/?page_id=2416"},"modified":"2025-06-30T09:04:42","modified_gmt":"2025-06-30T09:04:42","slug":"quienes-somos","status":"publish","type":"page","link":"https:\/\/instamat.com\/es\/quienes-somos\/","title":{"rendered":"Quienes somos"},"content":{"rendered":"\t\t<div data-elementor-type=\"wp-page\" data-elementor-id=\"2416\" class=\"elementor elementor-2416\" data-elementor-settings=\"{&quot;ha_cmc_init_switcher&quot;:&quot;no&quot;}\" data-elementor-post-type=\"page\">\n\t\t\t\t<div class=\"elementor-element elementor-element-31e78cf e-flex e-con-boxed e-con e-parent\" data-id=\"31e78cf\" data-element_type=\"container\" data-e-type=\"container\" data-settings=\"{&quot;_ha_eqh_enable&quot;:false}\">\n\t\t\t\t\t<div class=\"e-con-inner\">\n\t\t\t\t<div class=\"elementor-element elementor-element-6c1d3e7d elementor-widget elementor-widget-heading\" data-id=\"6c1d3e7d\" data-element_type=\"widget\" data-e-type=\"widget\" data-widget_type=\"heading.default\">\n\t\t\t\t<div class=\"elementor-widget-container\">\n\t\t\t\t\t<h1 class=\"elementor-heading-title elementor-size-default\">Quienes somos<\/h1>\t\t\t\t<\/div>\n\t\t\t\t<\/div>\n\t\t\t\t<div class=\"elementor-element elementor-element-27ce1897 elementor-widget elementor-widget-wp-widget-aioseo-breadcrumb-widget\" data-id=\"27ce1897\" data-element_type=\"widget\" data-e-type=\"widget\" data-widget_type=\"wp-widget-aioseo-breadcrumb-widget.default\">\n\t\t\t\t<div class=\"elementor-widget-container\">\n\t\t\t\t\t<div class=\"aioseo-breadcrumbs\"><span class=\"aioseo-breadcrumb\">\n\t\t\t<a href=\"https:\/\/instamat.com\/es\/\" title=\"Home\">Home<\/a>\n\t\t<\/span><span class=\"aioseo-breadcrumb-separator\">&raquo;<\/span><span class=\"aioseo-breadcrumb\">\n\t\t\tQuienes somos\n\t\t<\/span><\/div>\t\t\t\t<\/div>\n\t\t\t\t<\/div>\n\t\t\t\t\t<\/div>\n\t\t\t\t<\/div>\n\t\t<div class=\"elementor-element elementor-element-3a8cc3f9 e-con-full e-flex e-con e-parent\" data-id=\"3a8cc3f9\" data-element_type=\"container\" data-e-type=\"container\" data-settings=\"{&quot;_ha_eqh_enable&quot;:false}\">\n\t\t<div class=\"elementor-element elementor-element-3bcd9b6c e-con-full e-flex e-con e-child\" data-id=\"3bcd9b6c\" data-element_type=\"container\" data-e-type=\"container\" data-settings=\"{&quot;background_background&quot;:&quot;classic&quot;,&quot;_ha_eqh_enable&quot;:false}\">\n\t\t\t\t<div class=\"elementor-element elementor-element-27d189fd elementor-widget elementor-widget-image\" data-id=\"27d189fd\" data-element_type=\"widget\" data-e-type=\"widget\" data-widget_type=\"image.default\">\n\t\t\t\t<div class=\"elementor-widget-container\">\n\t\t\t\t\t\t\t\t\t\t\t\t\t\t\t<img decoding=\"async\" src=\"https:\/\/instamat.com\/wp-content\/uploads\/elementor\/thumbs\/quienes-somos-3-r6t0qqspgj018vgj920v28jus3trdpcyt46o42fpc0.webp\" title=\"quienes-somos-3\" alt=\"quienes-somos-3\" loading=\"lazy\" \/>\t\t\t\t\t\t\t\t\t\t\t\t\t\t\t<\/div>\n\t\t\t\t<\/div>\n\t\t\t\t<\/div>\n\t\t<div class=\"elementor-element elementor-element-7a88c1af e-con-full e-flex e-con e-child\" data-id=\"7a88c1af\" data-element_type=\"container\" data-e-type=\"container\" data-settings=\"{&quot;_ha_eqh_enable&quot;:false}\">\n\t\t\t\t<div class=\"elementor-element elementor-element-8075aa2 elementor-widget elementor-widget-text-editor\" data-id=\"8075aa2\" data-element_type=\"widget\" data-e-type=\"widget\" data-widget_type=\"text-editor.default\">\n\t\t\t\t<div class=\"elementor-widget-container\">\n\t\t\t\t\t\t\t\t\t<p><span style=\"color: #800000;\">\u2666<\/span> NUESTRA EMPRESA<\/p>\t\t\t\t\t\t\t\t<\/div>\n\t\t\t\t<\/div>\n\t\t\t\t<div class=\"elementor-element elementor-element-f86ebc7 elementor-widget elementor-widget-heading\" data-id=\"f86ebc7\" data-element_type=\"widget\" data-e-type=\"widget\" data-widget_type=\"heading.default\">\n\t\t\t\t<div class=\"elementor-widget-container\">\n\t\t\t\t\t<h2 class=\"elementor-heading-title elementor-size-default\">Dise\u00f1ados espacios pr\u00e1cticos y funcionales, fabricamos tiendas rentables.<\/h2>\t\t\t\t<\/div>\n\t\t\t\t<\/div>\n\t\t\t\t<div class=\"elementor-element elementor-element-23e44186 elementor-widget elementor-widget-text-editor\" data-id=\"23e44186\" data-element_type=\"widget\" data-e-type=\"widget\" data-widget_type=\"text-editor.default\">\n\t\t\t\t<div class=\"elementor-widget-container\">\n\t\t\t\t\t\t\t\t\t<p>Formamos parte del grupo <a href=\"https:\/\/trabengoa.com\/\">TRABEN BENGOA<\/a> y estamos especializados en el dise\u00f1o, fabricaci\u00f3n e instalaci\u00f3n integral de panader\u00edas, carnicer\u00edas, pescader\u00edas y tiendas de alimentaci\u00f3n.<\/p>\t\t\t\t\t\t\t\t<\/div>\n\t\t\t\t<\/div>\n\t\t<div class=\"elementor-element elementor-element-174576dd e-con-full e-flex e-con e-child\" data-id=\"174576dd\" data-element_type=\"container\" data-e-type=\"container\" data-settings=\"{&quot;_ha_eqh_enable&quot;:false}\">\n\t\t\t\t<div class=\"elementor-element elementor-element-101c9c3a elementor-widget elementor-widget-image\" data-id=\"101c9c3a\" data-element_type=\"widget\" data-e-type=\"widget\" data-widget_type=\"image.default\">\n\t\t\t\t<div class=\"elementor-widget-container\">\n\t\t\t\t\t\t\t\t\t\t\t\t\t\t\t<img fetchpriority=\"high\" decoding=\"async\" width=\"1024\" height=\"631\" src=\"https:\/\/instamat.com\/wp-content\/uploads\/2022\/02\/Resultado-final-2-1024x631.jpg\" class=\"attachment-large size-large wp-image-2377\" alt=\"Instalaci\u00f3n Cafeter\u00eda\" srcset=\"https:\/\/instamat.com\/wp-content\/uploads\/2022\/02\/Resultado-final-2-1024x631.jpg 1024w, https:\/\/instamat.com\/wp-content\/uploads\/2022\/02\/Resultado-final-2-300x185.jpg 300w, https:\/\/instamat.com\/wp-content\/uploads\/2022\/02\/Resultado-final-2-768x473.jpg 768w, https:\/\/instamat.com\/wp-content\/uploads\/2022\/02\/Resultado-final-2.jpg 1500w\" sizes=\"(max-width: 1024px) 100vw, 1024px\" \/>\t\t\t\t\t\t\t\t\t\t\t\t\t\t\t<\/div>\n\t\t\t\t<\/div>\n\t\t\t\t<div class=\"elementor-element elementor-element-30dd3338 elementor-widget elementor-widget-heading\" data-id=\"30dd3338\" data-element_type=\"widget\" data-e-type=\"widget\" data-widget_type=\"heading.default\">\n\t\t\t\t<div class=\"elementor-widget-container\">\n\t\t\t\t\t<h3 class=\"elementor-heading-title elementor-size-default\">A\u00f1os de experiencia<\/h3>\t\t\t\t<\/div>\n\t\t\t\t<\/div>\n\t\t\t\t<\/div>\n\t\t\t\t<div class=\"elementor-element elementor-element-908c436 elementor-widget elementor-widget-image\" data-id=\"908c436\" data-element_type=\"widget\" data-e-type=\"widget\" data-settings=\"{&quot;motion_fx_motion_fx_scrolling&quot;:&quot;yes&quot;,&quot;motion_fx_translateY_effect&quot;:&quot;yes&quot;,&quot;motion_fx_translateY_speed&quot;:{&quot;unit&quot;:&quot;px&quot;,&quot;size&quot;:2.4,&quot;sizes&quot;:[]},&quot;motion_fx_translateY_affectedRange&quot;:{&quot;unit&quot;:&quot;%&quot;,&quot;size&quot;:&quot;&quot;,&quot;sizes&quot;:{&quot;start&quot;:0,&quot;end&quot;:76}},&quot;motion_fx_devices&quot;:[&quot;desktop&quot;,&quot;tablet&quot;,&quot;mobile&quot;]}\" data-widget_type=\"image.default\">\n\t\t\t\t<div class=\"elementor-widget-container\">\n\t\t\t\t\t\t\t\t\t\t\t\t\t\t\t<img decoding=\"async\" width=\"842\" height=\"262\" src=\"https:\/\/instamat.com\/wp-content\/uploads\/2025\/06\/Vista-Nave-entrada-y-aerea.webp\" class=\"attachment-full size-full wp-image-3424\" alt=\"\" srcset=\"https:\/\/instamat.com\/wp-content\/uploads\/2025\/06\/Vista-Nave-entrada-y-aerea.webp 842w, https:\/\/instamat.com\/wp-content\/uploads\/2025\/06\/Vista-Nave-entrada-y-aerea-300x93.webp 300w, https:\/\/instamat.com\/wp-content\/uploads\/2025\/06\/Vista-Nave-entrada-y-aerea-768x239.webp 768w, https:\/\/instamat.com\/wp-content\/uploads\/2025\/06\/Vista-Nave-entrada-y-aerea-500x156.webp 500w, https:\/\/instamat.com\/wp-content\/uploads\/2025\/06\/Vista-Nave-entrada-y-aerea-800x249.webp 800w\" sizes=\"(max-width: 842px) 100vw, 842px\" \/>\t\t\t\t\t\t\t\t\t\t\t\t\t\t\t<\/div>\n\t\t\t\t<\/div>\n\t\t\t\t<\/div>\n\t\t\t\t<\/div>\n\t\t<div class=\"elementor-element elementor-element-7f964ab4 e-con-full e-flex e-con e-parent\" data-id=\"7f964ab4\" data-element_type=\"container\" data-e-type=\"container\" data-settings=\"{&quot;background_background&quot;:&quot;classic&quot;,&quot;_ha_eqh_enable&quot;:false}\">\n\t\t<div class=\"elementor-element elementor-element-2dccaf3a e-con-full e-flex e-con e-child\" data-id=\"2dccaf3a\" data-element_type=\"container\" data-e-type=\"container\" data-settings=\"{&quot;_ha_eqh_enable&quot;:false}\">\n\t\t\t\t<div class=\"elementor-element elementor-element-2a054bfa elementor-widget elementor-widget-heading\" data-id=\"2a054bfa\" data-element_type=\"widget\" data-e-type=\"widget\" data-widget_type=\"heading.default\">\n\t\t\t\t<div class=\"elementor-widget-container\">\n\t\t\t\t\t<h2 class=\"elementor-heading-title elementor-size-default\">Transformando ideas en negocios rentables<\/h2>\t\t\t\t<\/div>\n\t\t\t\t<\/div>\n\t\t\t\t<div class=\"elementor-element elementor-element-519dd37 e-transform elementor-widget elementor-widget-image\" data-id=\"519dd37\" data-element_type=\"widget\" data-e-type=\"widget\" data-settings=\"{&quot;_transform_translateX_effect&quot;:{&quot;unit&quot;:&quot;px&quot;,&quot;size&quot;:15,&quot;sizes&quot;:[]},&quot;_transform_translateX_effect_mobile&quot;:{&quot;unit&quot;:&quot;px&quot;,&quot;size&quot;:0,&quot;sizes&quot;:[]},&quot;_transform_translateY_effect&quot;:{&quot;unit&quot;:&quot;px&quot;,&quot;size&quot;:61,&quot;sizes&quot;:[]},&quot;_transform_translateY_effect_mobile&quot;:{&quot;unit&quot;:&quot;px&quot;,&quot;size&quot;:0,&quot;sizes&quot;:[]},&quot;_transform_translateX_effect_tablet&quot;:{&quot;unit&quot;:&quot;px&quot;,&quot;size&quot;:&quot;&quot;,&quot;sizes&quot;:[]},&quot;_transform_translateY_effect_tablet&quot;:{&quot;unit&quot;:&quot;px&quot;,&quot;size&quot;:&quot;&quot;,&quot;sizes&quot;:[]}}\" data-widget_type=\"image.default\">\n\t\t\t\t<div class=\"elementor-widget-container\">\n\t\t\t\t\t\t\t\t\t\t\t\t\t\t\t<img decoding=\"async\" width=\"742\" height=\"557\" src=\"https:\/\/instamat.com\/wp-content\/uploads\/2022\/02\/Oficinas-2.jpg\" class=\"attachment-full size-full wp-image-2417\" alt=\"\" srcset=\"https:\/\/instamat.com\/wp-content\/uploads\/2022\/02\/Oficinas-2.jpg 742w, https:\/\/instamat.com\/wp-content\/uploads\/2022\/02\/Oficinas-2-300x225.jpg 300w\" sizes=\"(max-width: 742px) 100vw, 742px\" \/>\t\t\t\t\t\t\t\t\t\t\t\t\t\t\t<\/div>\n\t\t\t\t<\/div>\n\t\t\t\t<\/div>\n\t\t<div class=\"elementor-element elementor-element-7223bfd6 e-con-full e-flex e-con e-child\" data-id=\"7223bfd6\" data-element_type=\"container\" data-e-type=\"container\" data-settings=\"{&quot;_ha_eqh_enable&quot;:false}\">\n\t\t\t\t<div class=\"elementor-element elementor-element-3c11b49b elementor-widget elementor-widget-heading\" data-id=\"3c11b49b\" data-element_type=\"widget\" data-e-type=\"widget\" data-widget_type=\"heading.default\">\n\t\t\t\t<div class=\"elementor-widget-container\">\n\t\t\t\t\t<h2 class=\"elementor-heading-title elementor-size-default\">Dise\u00f1o comercial, fabricaci\u00f3n a medida y ejecuci\u00f3n llave en mano.<\/h2>\t\t\t\t<\/div>\n\t\t\t\t<\/div>\n\t\t<div class=\"elementor-element elementor-element-228498c8 e-con-full e-flex e-con e-child\" data-id=\"228498c8\" data-element_type=\"container\" data-e-type=\"container\" data-settings=\"{&quot;_ha_eqh_enable&quot;:false}\">\n\t\t<div class=\"elementor-element elementor-element-2c015953 e-con-full e-flex e-con e-child\" data-id=\"2c015953\" data-element_type=\"container\" data-e-type=\"container\" data-settings=\"{&quot;_ha_eqh_enable&quot;:false}\">\n\t\t\t\t<div class=\"elementor-element elementor-element-175e0b23 elementor-widget elementor-widget-text-editor\" data-id=\"175e0b23\" data-element_type=\"widget\" data-e-type=\"widget\" data-widget_type=\"text-editor.default\">\n\t\t\t\t<div class=\"elementor-widget-container\">\n\t\t\t\t\t\t\t\t\t<p>El<\/p>\t\t\t\t\t\t\t\t<\/div>\n\t\t\t\t<\/div>\n\t\t\t\t<div class=\"elementor-element elementor-element-8cc65a1 elementor-widget elementor-widget-heading\" data-id=\"8cc65a1\" data-element_type=\"widget\" data-e-type=\"widget\" data-widget_type=\"heading.default\">\n\t\t\t\t<div class=\"elementor-widget-container\">\n\t\t\t\t\t<h2 class=\"elementor-heading-title elementor-size-default\">100%<\/h2>\t\t\t\t<\/div>\n\t\t\t\t<\/div>\n\t\t\t\t<div class=\"elementor-element elementor-element-5763efc2 elementor-widget elementor-widget-text-editor\" data-id=\"5763efc2\" data-element_type=\"widget\" data-e-type=\"widget\" data-widget_type=\"text-editor.default\">\n\t\t\t\t<div class=\"elementor-widget-container\">\n\t\t\t\t\t\t\t\t\t<p>desde la visi\u00f3n hasta la apertura.<\/p>\t\t\t\t\t\t\t\t<\/div>\n\t\t\t\t<\/div>\n\t\t\t\t<\/div>\n\t\t<div class=\"elementor-element elementor-element-632120dd e-con-full e-flex e-con e-child\" data-id=\"632120dd\" data-element_type=\"container\" data-e-type=\"container\" data-settings=\"{&quot;_ha_eqh_enable&quot;:false}\">\n\t\t\t\t<div class=\"elementor-element elementor-element-3cb3c49c elementor-widget elementor-widget-text-editor\" data-id=\"3cb3c49c\" data-element_type=\"widget\" data-e-type=\"widget\" data-widget_type=\"text-editor.default\">\n\t\t\t\t<div class=\"elementor-widget-container\">\n\t\t\t\t\t\t\t\t\t<p>Nuestras instalaciones de 3.700 m\u00b2 integran carpinter\u00eda, metalister\u00eda, fr\u00edo y electricidad. Creamos mobiliario personalizado con materiales de alta calidad como acero inoxidable, Corian\u00ae, Silestone e iluminaci\u00f3n LED espec\u00edfica para alimentaci\u00f3n.<\/p>\t\t\t\t\t\t\t\t<\/div>\n\t\t\t\t<\/div>\n\t\t\t\t<div class=\"elementor-element elementor-element-336e61a2 elementor-widget elementor-widget-button\" data-id=\"336e61a2\" data-element_type=\"widget\" data-e-type=\"widget\" data-widget_type=\"button.default\">\n\t\t\t\t<div class=\"elementor-widget-container\">\n\t\t\t\t\t\t\t\t\t<div class=\"elementor-button-wrapper\">\n\t\t\t\t\t<a class=\"elementor-button elementor-button-link elementor-size-sm\" href=\"https:\/\/instamat.com\/es\/contacto\/\">\n\t\t\t\t\t\t<span class=\"elementor-button-content-wrapper\">\n\t\t\t\t\t\t\t\t\t<span class=\"elementor-button-text\">Cont\u00e1ctenos<\/span>\n\t\t\t\t\t<\/span>\n\t\t\t\t\t<\/a>\n\t\t\t\t<\/div>\n\t\t\t\t\t\t\t\t<\/div>\n\t\t\t\t<\/div>\n\t\t\t\t<\/div>\n\t\t\t\t<\/div>\n\t\t\t\t<\/div>\n\t\t\t\t<\/div>\n\t\t<div class=\"elementor-element elementor-element-d397b44 e-con-full e-flex e-con e-parent\" data-id=\"d397b44\" data-element_type=\"container\" data-e-type=\"container\" data-settings=\"{&quot;background_background&quot;:&quot;classic&quot;,&quot;_ha_eqh_enable&quot;:false}\">\n\t\t\t\t<div class=\"elementor-element elementor-element-5ce3c4f elementor-widget elementor-widget-heading\" data-id=\"5ce3c4f\" data-element_type=\"widget\" data-e-type=\"widget\" data-widget_type=\"heading.default\">\n\t\t\t\t<div class=\"elementor-widget-container\">\n\t\t\t\t\t<h2 class=\"elementor-heading-title elementor-size-default\"> Interiorismo comercial especializado<\/h2>\t\t\t\t<\/div>\n\t\t\t\t<\/div>\n\t\t\t\t<\/div>\n\t\t\t\t<\/div>\n\t\t","protected":false},"excerpt":{"rendered":"<p>\u2666 NUESTRA EMPRESA Dise\u00f1ados espacios pr\u00e1cticos y funcionales, fabricamos tiendas rentables. Formamos parte del grupo TRABEN BENGOA y estamos especializados en el dise\u00f1o, fabricaci\u00f3n e instalaci\u00f3n integral de panader\u00edas, carnicer\u00edas, pescader\u00edas y tiendas de alimentaci\u00f3n. A\u00f1os de experiencia Transformando ideas en negocios rentables Dise\u00f1o comercial, fabricaci\u00f3n a medida y ejecuci\u00f3n llave en mano. El 100% [&hellip;]<\/p>\n","protected":false},"author":4,"featured_media":0,"parent":0,"menu_order":0,"comment_status":"closed","ping_status":"closed","template":"","meta":{"_vp_format_video_url":"","_vp_image_focal_point":[],"footnotes":""},"class_list":["post-2416","page","type-page","status-publish","hentry"],"aioseo_notices":[],"_links":{"self":[{"href":"https:\/\/instamat.com\/es\/wp-json\/wp\/v2\/pages\/2416","targetHints":{"allow":["GET"]}}],"collection":[{"href":"https:\/\/instamat.com\/es\/wp-json\/wp\/v2\/pages"}],"about":[{"href":"https:\/\/instamat.com\/es\/wp-json\/wp\/v2\/types\/page"}],"author":[{"embeddable":true,"href":"https:\/\/instamat.com\/es\/wp-json\/wp\/v2\/users\/4"}],"replies":[{"embeddable":true,"href":"https:\/\/instamat.com\/es\/wp-json\/wp\/v2\/comments?post=2416"}],"version-history":[{"count":78,"href":"https:\/\/instamat.com\/es\/wp-json\/wp\/v2\/pages\/2416\/revisions"}],"predecessor-version":[{"id":3613,"href":"https:\/\/instamat.com\/es\/wp-json\/wp\/v2\/pages\/2416\/revisions\/3613"}],"wp:attachment":[{"href":"https:\/\/instamat.com\/es\/wp-json\/wp\/v2\/media?parent=2416"}],"curies":[{"name":"wp","href":"https:\/\/api.w.org\/{rel}","templated":true}]}}