{"id":398,"date":"2018-04-26T08:57:08","date_gmt":"2018-04-26T08:57:08","guid":{"rendered":"http:\/\/instamat.com\/?page_id=398"},"modified":"2018-05-29T12:31:54","modified_gmt":"2018-05-29T12:31:54","slug":"aviso-legal","status":"publish","type":"page","link":"https:\/\/instamat.com\/es\/aviso-legal\/","title":{"rendered":"Aviso Legal"},"content":{"rendered":"<p class=\"western\">INSTAMAT INTERIOR, S.L., con NIF\/CIF B74159435, direcci\u00f3n Pol\u00edgono Silvota, Parcela 66, 33192 &#8211; Llanera (Asturias), no puede asumir ninguna responsabilidad derivada del uso incorrecto, inapropiado o il\u00edcito de la informaci\u00f3n aparecida en las p\u00e1ginas de Internet de www.instamat.com<\/p>\n<p class=\"western\">Con los l\u00edmites establecidos en la ley, www.instamat.com no asume ninguna responsabilidad derivada de la falta de veracidad, integridad, actualizaci\u00f3n y precisi\u00f3n de los datos o informaciones que se contienen en sus p\u00e1ginas de Internet.<\/p>\n<p class=\"western\">Los contenidos e informaci\u00f3n no vinculan a www.instamat.com ni constituyen opiniones, consejos o asesoramiento legal de ning\u00fan tipo pues se trata meramente de un servicio ofrecido con car\u00e1cter informativo y divulgativo.<\/p>\n<p class=\"western\">Las p\u00e1ginas de Internet de www.instamat.com pueden contener enlaces (links) a otras p\u00e1ginas de terceras partes que www.instamat.com no puede controlar. Por lo tanto, www.instamat.com no puede asumir responsabilidades por el contenido que pueda aparecer en p\u00e1ginas de terceros.<\/p>\n<p class=\"western\">Los textos, im\u00e1genes, sonidos, animaciones, software y el resto de contenidos incluidos en este website son propiedad exclusiva de www.instamat.com o sus licenciantes. Cualquier acto de transmisi\u00f3n, distribuci\u00f3n, cesi\u00f3n, reproducci\u00f3n, almacenamiento o comunicaci\u00f3n p\u00fablica total o parcial, debe contar con el consentimiento expreso de www.instamat.com.<\/p>\n<p class=\"western\">Asimismo, para acceder a algunos de los servicios que www.instamat.com ofrece a trav\u00e9s del website deber\u00e1 proporcionar algunos datos de car\u00e1cter personal. En cumplimiento de lo establecido en la Ley Org\u00e1nica 15\/1999, de 13 de diciembre, de Protecci\u00f3n de Datos de Car\u00e1cter Personal le informamos que, mediante la cumplimentaci\u00f3n de los presentes formularios, sus datos personales quedar\u00e1n incorporados y ser\u00e1n tratados en los ficheros de INSTAMAT INTERIOR, S.L. con el fin de poderle prestar y ofrecer nuestros servicios as\u00ed como para informarle de las mejoras del sitio Web. Asimismo, le informamos de la posibilidad de que ejerza los derechos de acceso, rectificaci\u00f3n, cancelaci\u00f3n y oposici\u00f3n de sus datos de car\u00e1cter personal, manera gratuita mediante email a instamat@instamat.com o en la direcci\u00f3n Pol\u00edgono Silvota, Parcela 66, 33192 &#8211; Llanera (Asturias).<\/p>\n","protected":false},"excerpt":{"rendered":"<p>INSTAMAT INTERIOR, S.L., con NIF\/CIF B74159435, direcci\u00f3n Pol\u00edgono Silvota, Parcela 66, 33192 &#8211; Llanera (Asturias), no puede asumir ninguna responsabilidad derivada del uso incorrecto, inapropiado o il\u00edcito de la informaci\u00f3n aparecida en las p\u00e1ginas de Internet de www.instamat.com Con los l\u00edmites establecidos en la ley, www.instamat.com no asume ninguna responsabilidad derivada de la falta de [&hellip;]<\/p>\n","protected":false},"author":4,"featured_media":0,"parent":0,"menu_order":0,"comment_status":"closed","ping_status":"closed","template":"","meta":{"_vp_format_video_url":"","_vp_image_focal_point":[],"footnotes":""},"class_list":["post-398","page","type-page","status-publish","hentry"],"aioseo_notices":[],"_links":{"self":[{"href":"https:\/\/instamat.com\/es\/wp-json\/wp\/v2\/pages\/398","targetHints":{"allow":["GET"]}}],"collection":[{"href":"https:\/\/instamat.com\/es\/wp-json\/wp\/v2\/pages"}],"about":[{"href":"https:\/\/instamat.com\/es\/wp-json\/wp\/v2\/types\/page"}],"author":[{"embeddable":true,"href":"https:\/\/instamat.com\/es\/wp-json\/wp\/v2\/users\/4"}],"replies":[{"embeddable":true,"href":"https:\/\/instamat.com\/es\/wp-json\/wp\/v2\/comments?post=398"}],"version-history":[{"count":6,"href":"https:\/\/instamat.com\/es\/wp-json\/wp\/v2\/pages\/398\/revisions"}],"predecessor-version":[{"id":533,"href":"https:\/\/instamat.com\/es\/wp-json\/wp\/v2\/pages\/398\/revisions\/533"}],"wp:attachment":[{"href":"https:\/\/instamat.com\/es\/wp-json\/wp\/v2\/media?parent=398"}],"curies":[{"name":"wp","href":"https:\/\/api.w.org\/{rel}","templated":true}]}}